{"id":8,"date":"2018-06-26T19:41:17","date_gmt":"2018-06-26T19:41:17","guid":{"rendered":"https:\/\/www.drfelipethome.com.br\/site\/?page_id=8"},"modified":"2024-08-26T14:18:12","modified_gmt":"2024-08-26T17:18:12","slug":"dr-felipe-thome","status":"publish","type":"page","link":"https:\/\/www.drfelipethome.com.br\/site\/dr-felipe-thome\/","title":{"rendered":"Dr. Felipe Thom\u00e9"},"content":{"rendered":"<p>Dr. Felipe Thom\u00e9 atua h\u00e1 mais de 10 anos como oncologista cl\u00ednico, tendo sua trajet\u00f3ria profissional pautada na ci\u00eancia, na humaniza\u00e7\u00e3o e na \u00e9tica. Como m\u00e9dico, busca constante atualiza\u00e7\u00e3o, oferecendo aos seus pacientes o que h\u00e1 de mais atual no tratamento do c\u00e2ncer.<\/p>\n<div class=\"foogallery foogallery-container foogallery-justified foogallery-lightbox-foobox fg-justified fg-light fg-border-medium fg-round-large fg-shadow-large fg-shadow-inset-large fg-loading-default fg-loaded-fade-in fg-custom fg-caption-hover fg-hover-fade fg-hover-zoom\" id=\"foogallery-gallery-877\" data-foogallery=\"{&quot;item&quot;:{&quot;showCaptionTitle&quot;:true,&quot;showCaptionDescription&quot;:true},&quot;lazy&quot;:true,&quot;src&quot;:&quot;data-src-fg&quot;,&quot;srcset&quot;:&quot;data-srcset-fg&quot;,&quot;template&quot;:{&quot;rowHeight&quot;:250,&quot;maxRowHeight&quot;:&quot;200%&quot;,&quot;margins&quot;:15,&quot;lastRow&quot;:&quot;center&quot;}}\" data-fg-common-fields=\"1\" >\n\t<div class=\"fg-item\"><figure class=\"fg-item-inner\"><a href=\"https:\/\/www.drfelipethome.com.br\/site\/wp-content\/uploads\/2021\/02\/f-3.jpeg\" data-attachment-id=\"880\" class=\" fg-thumb\"><img height=\"990\" data-src-fg=\"https:\/\/www.drfelipethome.com.br\/site\/wp-content\/uploads\/cache\/2021\/02\/f-3\/175535340.jpeg\" class=\"fg-image\" \/><\/a><figcaption class=\"fg-caption\"><div class=\"fg-caption-inner\"><\/div><\/figcaption><\/figure><\/div><div class=\"fg-item\"><figure class=\"fg-item-inner\"><a href=\"https:\/\/www.drfelipethome.com.br\/site\/wp-content\/uploads\/2021\/02\/f-4.jpeg\" data-attachment-id=\"881\" class=\" fg-thumb\"><img height=\"990\" data-src-fg=\"https:\/\/www.drfelipethome.com.br\/site\/wp-content\/uploads\/cache\/2021\/02\/f-4\/2978442418.jpeg\" class=\"fg-image\" \/><\/a><figcaption class=\"fg-caption\"><div class=\"fg-caption-inner\"><\/div><\/figcaption><\/figure><\/div><div class=\"fg-item\"><figure class=\"fg-item-inner\"><a href=\"https:\/\/www.drfelipethome.com.br\/site\/wp-content\/uploads\/2021\/02\/f-2.jpeg\" data-attachment-id=\"879\" class=\" fg-thumb\"><img height=\"990\" width=\"659\" data-src-fg=\"https:\/\/www.drfelipethome.com.br\/site\/wp-content\/uploads\/cache\/2021\/02\/f-2\/2576611688.jpeg\" class=\"fg-image\" \/><\/a><figcaption class=\"fg-caption\"><div class=\"fg-caption-inner\"><\/div><\/figcaption><\/figure><\/div><div class=\"fg-item\"><figure class=\"fg-item-inner\"><a href=\"https:\/\/www.drfelipethome.com.br\/site\/wp-content\/uploads\/2021\/02\/f-1.jpeg\" data-attachment-id=\"878\" class=\" fg-thumb\"><img height=\"990\" data-src-fg=\"https:\/\/www.drfelipethome.com.br\/site\/wp-content\/uploads\/cache\/2021\/02\/f-1\/2140057658.jpeg\" class=\"fg-image\" \/><\/a><figcaption class=\"fg-caption\"><div class=\"fg-caption-inner\"><\/div><\/figcaption><\/figure><\/div><div class=\"fg-item\"><figure class=\"fg-item-inner\"><a href=\"https:\/\/www.drfelipethome.com.br\/site\/wp-content\/uploads\/2021\/02\/f-5.jpeg\" data-attachment-id=\"882\" class=\" fg-thumb\"><img height=\"990\" data-src-fg=\"https:\/\/www.drfelipethome.com.br\/site\/wp-content\/uploads\/cache\/2021\/02\/f-5\/490594313.jpeg\" class=\"fg-image\" \/><\/a><figcaption class=\"fg-caption\"><div class=\"fg-caption-inner\"><\/div><\/figcaption><\/figure><\/div><\/div>\n\n<ul>\n<li>Resid\u00eancia M\u00e9dica em Oncologia Cl\u00ednica &#8211; Hospital de C\u00e2ncer de Barretos (SP)<\/li>\n<li>Aperfei\u00e7oamento &#8211; MD Anderson Cancer Center, Houston, Texas (EUA) e Saint Joseph&#8217;s Hospital &amp; Medical Center, Phoenix, Arizona (EUA)<\/li>\n<li>Resid\u00eancia M\u00e9dica em Cl\u00ednica M\u00e9dica &#8211; Hospital S\u00e3o Vicente de Paulo (HSVP) de Passo Fundo (RS)<\/li>\n<li>Gradua\u00e7\u00e3o em Medicina &#8211; Universidade de Passo Fundo (UPF)<\/li>\n<\/ul>\n<h2>Atua\u00e7\u00e3o Profissional<\/h2>\n<ul>\n<li>M\u00e9dico Oncologista Cl\u00ednico (CREMERS 29.852) &#8211; Hospital S\u00e3o Vicente de Paulo (HSVP) de Passo Fundo (RS)<\/li>\n<li>Preceptor da Resid\u00eancia M\u00e9dica em Oncologia Cl\u00ednica &#8211; Universidade Federal Fronteira Sul (UFFS) e HSVP<\/li>\n<\/ul>\n<p style=\"text-align: left;\"><a href=\"http:\/\/buscatextual.cnpq.br\/buscatextual\/visualizacv.do?id=K4327650Y6\"><img decoding=\"async\" class=\"size-full wp-image-73 aligncenter\" src=\"https:\/\/www.drfelipethome.com.br\/site\/wp-content\/uploads\/2018\/07\/curriculo_lattes1.png\" alt=\"\" width=\"175\" height=\"57\" loading=\"lazy\" \/><\/a><\/p>\n<p>&nbsp;<\/p>\n<h1 style=\"text-align: center;\"><b>CI\u00caNCIA, CUIDADO E HUMANIZA\u00c7\u00c3O<\/b><\/h1>\n<p>&nbsp;<\/p>\n<div style=\"display: none;\">\n<p>felipe passo fundo m\u00e9dico oncologista passo fundo, doutor em passo fundo, dr felipe, Passo Fundo RS, dr felipe e oncologia passo fundo<\/p>\n<h1>dr felipe em Passo Fundo,\u00a0doutor passo fundo, m\u00e9dico oncologista passo fundo,<\/h1>\n<h2>dr felipe em passo fundo, felipe passo fundo e regi\u00e3o, m\u00e9dico oncologista passo fundo em passo fundo, dr felipe venda equipamentos oncologia passo fundo, felipe em passo fundo rs, dr felipe, para passo fundo e regi\u00e3o, dr felipe para passo fundo e regi\u00e3o\u00a0oncologia oncologia passo fundo de dr felipe em passo fundo, felipe passo fundo e regi\u00e3o, m\u00e9dico oncologista passo fundo em passo fundo, dr felipe venda equipamentos oncologia passo fundo, felipe em passo fundo rs, dr felipe,<a title=\"oncologia oncologia passo fundo de dr felipe em passo fundo, felipe passo fundo e regi\u00e3o, m\u00e9dico oncologista passo fundo em passo fundo, dr felipe venda equipamentos oncologia passo fundo, felipe em passo fundo rs, dr felipe, para passo fundo e regi\u00e3o, dr felipe para passo fundo e regi\u00e3o\" href=\"http:\/\/www.drfelipethome.com.br\">para passo fundo e regi\u00e3o, dr felipe para passo fundo e regi\u00e3o\u00a0oncologia oncologia passo fundo de dr felipe em passo fundo, felipe passo fundo e regi\u00e3o, m\u00e9dico oncologista passo fundo em passo fundo, dr felipe venda equipamentos oncologia passo fundo, felipe em passo fundo rs, dr felipe<\/a>, para passo fundo e regi\u00e3o, dr felipe para passo fundo e regi\u00e3o\u00a0oncologia oncologia passo fundo de dr felipe em passo fundo, felipe passo fundo e regi\u00e3o, m\u00e9dico oncologista passo fundo em passo fundo, dr felipe venda equipamentos oncologia passo fundo, felipe em passo fundo rs, dr felipe, para passo fundo e regi\u00e3o, dr felipe para passo fundo e regi\u00e3o\u00a0oncologia oncologia passo fundo de dr felipe em passo fundo, felipe passo fundo e regi\u00e3o, m\u00e9dico oncologista passo fundo em passo fundo, dr felipe venda equipamentos oncologia passo fundo, felipe em passo fundo rs, dr felipe, para passo fundo e regi\u00e3o,<a title=\"oncologia oncologia passo fundo de dr felipe em passo fundo, felipe passo fundo e regi\u00e3o, m\u00e9dico oncologista passo fundo em passo fundo, dr felipe venda equipamentos oncologia passo fundo, felipe em passo fundo rs, dr felipe, para passo fundo e regi\u00e3o, dr felipe para passo fundo e regi\u00e3o\" href=\"https:\/\/www.drfelipethome.com.br\/site\">dr felipe para passo fundo e regi\u00e3o\u00a0oncologia oncologia passo fundo de dr felipe em passo fundo, felipe passo fundo e regi\u00e3o, cria\u00e7\u00e3o de sit<\/a>es em passo fundo, dr felipe venda equipamentos oncologia passo fundo, felipe em passo fundo rs, dr felipe, para passo fundo e regi\u00e3o, dr felipe para passo fundo e regi\u00e3o<\/h2>\n<div id=\"attachment_747\" style=\"width: 353px\" class=\"wp-caption aligncenter\"><a href=\"https:\/\/www.drfelipethome.com.br\/site\/wp-content\/uploads\/2013\/06\/per\u00edcia-m\u00e9dica-passo-fundo-rs.jpg\"><img decoding=\"async\" aria-describedby=\"caption-attachment-747\" class=\"size-full wp-image-747 \" title=\"oncologia oncologia passo fundo de dr felipe em Passo Fundo\" src=\"https:\/\/www.drfelipethome.com.br\/site\/wp-content\/uploads\/2013\/06\/per\u00edcia-m\u00e9dica-passo-fundo-rs.jpg\" alt=\"oncologia oncologia passo fundo de dr felipe em Passo Fundo\" width=\"343\" height=\"300\" loading=\"lazy\" \/><\/a><p id=\"caption-attachment-747\" class=\"wp-caption-text\">oncologia oncologia passo fundo de dr felipe em Passo Fundo<\/p><\/div>\n<\/div>\n","protected":false},"excerpt":{"rendered":"<p>Dr. Felipe Thom\u00e9 atua h\u00e1 mais de 10 anos como oncologista cl\u00ednico, tendo sua trajet\u00f3ria profissional pautada na ci\u00eancia, na humaniza\u00e7\u00e3o e na \u00e9tica. Como m\u00e9dico, busca constante atualiza\u00e7\u00e3o, oferecendo aos seus pacientes o que h\u00e1 de mais atual no tratamento do c\u00e2ncer. Resid\u00eancia M\u00e9dica em Oncologia Cl\u00ednica &#8211; Hospital de C\u00e2ncer de Barretos (SP) [&hellip;]<\/p>\n","protected":false},"author":1,"featured_media":0,"parent":0,"menu_order":0,"comment_status":"closed","ping_status":"closed","template":"","meta":{"footnotes":""},"class_list":["post-8","page","type-page","status-publish","hentry"],"_links":{"self":[{"href":"https:\/\/www.drfelipethome.com.br\/site\/wp-json\/wp\/v2\/pages\/8"}],"collection":[{"href":"https:\/\/www.drfelipethome.com.br\/site\/wp-json\/wp\/v2\/pages"}],"about":[{"href":"https:\/\/www.drfelipethome.com.br\/site\/wp-json\/wp\/v2\/types\/page"}],"author":[{"embeddable":true,"href":"https:\/\/www.drfelipethome.com.br\/site\/wp-json\/wp\/v2\/users\/1"}],"replies":[{"embeddable":true,"href":"https:\/\/www.drfelipethome.com.br\/site\/wp-json\/wp\/v2\/comments?post=8"}],"version-history":[{"count":37,"href":"https:\/\/www.drfelipethome.com.br\/site\/wp-json\/wp\/v2\/pages\/8\/revisions"}],"predecessor-version":[{"id":1599,"href":"https:\/\/www.drfelipethome.com.br\/site\/wp-json\/wp\/v2\/pages\/8\/revisions\/1599"}],"wp:attachment":[{"href":"https:\/\/www.drfelipethome.com.br\/site\/wp-json\/wp\/v2\/media?parent=8"}],"curies":[{"name":"wp","href":"https:\/\/api.w.org\/{rel}","templated":true}]}}