{"id":6,"date":"2018-06-26T19:41:07","date_gmt":"2018-06-26T19:41:07","guid":{"rendered":"https:\/\/www.drfelipethome.com.br\/site\/?page_id=6"},"modified":"2020-07-17T20:44:45","modified_gmt":"2020-07-17T23:44:45","slug":"home","status":"publish","type":"page","link":"https:\/\/www.drfelipethome.com.br\/site\/","title":{"rendered":"Home"},"content":{"rendered":"<div class=\"advanced-slider\" id=\"slider-pro-1\" tabindex=\"0\" style=\"width: px; height: px;\">\n\t<div class=\"slides\">\n\t\t<div class=\"slide\" >\n\t\t\t<img decoding=\"async\" class=\"image\" src=\"https:\/\/www.drfelipethome.com.br\/site\/wp-content\/uploads\/2024\/09\/qqq.jpg\" alt=\"\"\/>\n\t\t\t<img decoding=\"async\" class=\"thumbnail\" src=\"https:\/\/www.drfelipethome.com.br\/site\/wp-content\/plugins\/slider-pro\/includes\/timthumb\/timthumb.php?q=95&amp;w=80&amp;h=50&amp;a=c&amp;zc=1&amp;src=https:\/\/www.drfelipethome.com.br\/site\/wp-content\/uploads\/2024\/09\/qqq.jpg\" alt=\"\"\/>\n\t\t<\/div>\n\t<\/div>\n<\/div>\n\n\n<div style=\"display: none;\">\n<p>oncologista passo fundo m\u00e9dico passo fundo, doutor em passo fundo, dr felipe, Passo Fundo RS, dr felipe e m\u00e9dico do c\u00e2ncer passo fundo<\/p>\n<h1>dr felipe em Passo Fundo,\u00a0doutor passo fundo, m\u00e9dico passo fundo,<\/h1>\n<h2>dr felipe em passo fundo, oncologista passo fundo e regi\u00e3o, m\u00e9dico passo fundo em passo fundo, dr felipe venda equipamentos m\u00e9dico do c\u00e2ncer passo fundo, oncologista em passo fundo rs, dr felipe, para passo fundo e regi\u00e3o, dr felipe para passo fundo e regi\u00e3o\u00a0m\u00e9dico do c\u00e2ncer m\u00e9dico do c\u00e2ncer passo fundo de dr felipe em passo fundo, oncologista passo fundo e regi\u00e3o, m\u00e9dico passo fundo em passo fundo, dr felipe venda equipamentos m\u00e9dico do c\u00e2ncer passo fundo, oncologista em passo fundo rs, dr felipe,<a title=\"m\u00e9dico do c\u00e2ncer m\u00e9dico do c\u00e2ncer passo fundo de dr felipe em passo fundo, oncologista passo fundo e regi\u00e3o, m\u00e9dico passo fundo em passo fundo, dr felipe venda equipamentos m\u00e9dico do c\u00e2ncer passo fundo, oncologista em passo fundo rs, dr felipe, para passo fundo e regi\u00e3o, dr felipe para passo fundo e regi\u00e3o\" href=\"http:\/\/www.drfelipethome.com.br\">para passo fundo e regi\u00e3o, dr felipe para passo fundo e regi\u00e3o\u00a0m\u00e9dico do c\u00e2ncer m\u00e9dico do c\u00e2ncer passo fundo de dr felipe em passo fundo, oncologista passo fundo e regi\u00e3o, m\u00e9dico passo fundo em passo fundo, dr felipe venda equipamentos m\u00e9dico do c\u00e2ncer passo fundo, oncologista em passo fundo rs, dr felipe<\/a>, para passo fundo e regi\u00e3o, dr felipe para passo fundo e regi\u00e3o\u00a0m\u00e9dico do c\u00e2ncer m\u00e9dico do c\u00e2ncer passo fundo de dr felipe em passo fundo, oncologista passo fundo e regi\u00e3o, m\u00e9dico passo fundo em passo fundo, dr felipe venda equipamentos m\u00e9dico do c\u00e2ncer passo fundo, oncologista em passo fundo rs, dr felipe, para passo fundo e regi\u00e3o, dr felipe para passo fundo e regi\u00e3o\u00a0m\u00e9dico do c\u00e2ncer m\u00e9dico do c\u00e2ncer passo fundo de dr felipe em passo fundo, oncologista passo fundo e regi\u00e3o, m\u00e9dico passo fundo em passo fundo, dr felipe venda equipamentos m\u00e9dico do c\u00e2ncer passo fundo, oncologista em passo fundo rs, dr felipe, para passo fundo e regi\u00e3o,<a title=\"m\u00e9dico do c\u00e2ncer m\u00e9dico do c\u00e2ncer passo fundo de dr felipe em passo fundo, oncologista passo fundo e regi\u00e3o, m\u00e9dico passo fundo em passo fundo, dr felipe venda equipamentos m\u00e9dico do c\u00e2ncer passo fundo, oncologista em passo fundo rs, dr felipe, para passo fundo e regi\u00e3o, dr felipe para passo fundo e regi\u00e3o\" href=\"https:\/\/www.drfelipethome.com.br\/site\">dr felipe para passo fundo e regi\u00e3o\u00a0m\u00e9dico do c\u00e2ncer m\u00e9dico do c\u00e2ncer passo fundo de dr felipe em passo fundo, oncologista passo fundo e regi\u00e3o, cria\u00e7\u00e3o de sit<\/a>es em passo fundo, dr felipe venda equipamentos m\u00e9dico do c\u00e2ncer passo fundo, oncologista em passo fundo rs, dr felipe, para passo fundo e regi\u00e3o, dr felipe para passo fundo e regi\u00e3o<\/h2>\n<div id=\"attachment_747\" style=\"width: 353px\" class=\"wp-caption aligncenter\"><a href=\"https:\/\/www.drfelipethome.com.br\/site\/wp-content\/uploads\/2013\/06\/per\u00edcia-m\u00e9dica-passo-fundo-rs.jpg\"><img decoding=\"async\" aria-describedby=\"caption-attachment-747\" class=\"size-full wp-image-747 \" title=\"m\u00e9dico do c\u00e2ncer m\u00e9dico do c\u00e2ncer passo fundo de dr felipe em Passo Fundo\" src=\"https:\/\/www.drfelipethome.com.br\/site\/wp-content\/uploads\/2013\/06\/per\u00edcia-m\u00e9dica-passo-fundo-rs.jpg\" alt=\"m\u00e9dico do c\u00e2ncer m\u00e9dico do c\u00e2ncer passo fundo de dr felipe em Passo Fundo\" width=\"343\" height=\"300\" loading=\"lazy\" \/><\/a><p id=\"caption-attachment-747\" class=\"wp-caption-text\">m\u00e9dico do c\u00e2ncer m\u00e9dico do c\u00e2ncer passo fundo de dr felipe em Passo Fundo<\/p><\/div>\n<\/div>\n","protected":false},"excerpt":{"rendered":"<p>oncologista passo fundo m\u00e9dico passo fundo, doutor em passo fundo, dr felipe, Passo Fundo RS, dr felipe e m\u00e9dico do c\u00e2ncer passo fundo dr felipe em Passo Fundo,\u00a0doutor passo fundo, m\u00e9dico passo fundo, dr felipe em passo fundo, oncologista passo fundo e regi\u00e3o, m\u00e9dico passo fundo em passo fundo, dr felipe venda equipamentos m\u00e9dico do [&hellip;]<\/p>\n","protected":false},"author":1,"featured_media":0,"parent":0,"menu_order":0,"comment_status":"closed","ping_status":"closed","template":"template-inicio.php","meta":{"footnotes":""},"class_list":["post-6","page","type-page","status-publish","hentry"],"_links":{"self":[{"href":"https:\/\/www.drfelipethome.com.br\/site\/wp-json\/wp\/v2\/pages\/6"}],"collection":[{"href":"https:\/\/www.drfelipethome.com.br\/site\/wp-json\/wp\/v2\/pages"}],"about":[{"href":"https:\/\/www.drfelipethome.com.br\/site\/wp-json\/wp\/v2\/types\/page"}],"author":[{"embeddable":true,"href":"https:\/\/www.drfelipethome.com.br\/site\/wp-json\/wp\/v2\/users\/1"}],"replies":[{"embeddable":true,"href":"https:\/\/www.drfelipethome.com.br\/site\/wp-json\/wp\/v2\/comments?post=6"}],"version-history":[{"count":8,"href":"https:\/\/www.drfelipethome.com.br\/site\/wp-json\/wp\/v2\/pages\/6\/revisions"}],"predecessor-version":[{"id":215,"href":"https:\/\/www.drfelipethome.com.br\/site\/wp-json\/wp\/v2\/pages\/6\/revisions\/215"}],"wp:attachment":[{"href":"https:\/\/www.drfelipethome.com.br\/site\/wp-json\/wp\/v2\/media?parent=6"}],"curies":[{"name":"wp","href":"https:\/\/api.w.org\/{rel}","templated":true}]}}