{"id":182,"date":"2018-07-23T14:53:13","date_gmt":"2018-07-23T17:53:13","guid":{"rendered":"https:\/\/www.drfelipethome.com.br\/site\/?page_id=182"},"modified":"2022-07-18T19:06:28","modified_gmt":"2022-07-18T22:06:28","slug":"depoimentos","status":"publish","type":"page","link":"https:\/\/www.drfelipethome.com.br\/site\/depoimentos\/","title":{"rendered":"Depoimentos"},"content":{"rendered":"<h2 style=\"text-align: center;\">Abaixo voc\u00ea visualiza alguns depoimentos de pacientes atendidos por Dr. Felipe Thom\u00e9.<br \/>\nCaso queira deixar seu depoimento utilize o formul\u00e1rio ao final desta p\u00e1gina.<\/h2>\n","protected":false},"excerpt":{"rendered":"<p>Abaixo voc\u00ea visualiza alguns depoimentos de pacientes atendidos por Dr. Felipe Thom\u00e9. Caso queira deixar seu depoimento utilize o formul\u00e1rio ao final desta p\u00e1gina.<\/p>\n","protected":false},"author":1,"featured_media":0,"parent":0,"menu_order":0,"comment_status":"open","ping_status":"closed","template":"","meta":{"footnotes":""},"class_list":["post-182","page","type-page","status-publish","hentry"],"_links":{"self":[{"href":"https:\/\/www.drfelipethome.com.br\/site\/wp-json\/wp\/v2\/pages\/182"}],"collection":[{"href":"https:\/\/www.drfelipethome.com.br\/site\/wp-json\/wp\/v2\/pages"}],"about":[{"href":"https:\/\/www.drfelipethome.com.br\/site\/wp-json\/wp\/v2\/types\/page"}],"author":[{"embeddable":true,"href":"https:\/\/www.drfelipethome.com.br\/site\/wp-json\/wp\/v2\/users\/1"}],"replies":[{"embeddable":true,"href":"https:\/\/www.drfelipethome.com.br\/site\/wp-json\/wp\/v2\/comments?post=182"}],"version-history":[{"count":4,"href":"https:\/\/www.drfelipethome.com.br\/site\/wp-json\/wp\/v2\/pages\/182\/revisions"}],"predecessor-version":[{"id":1221,"href":"https:\/\/www.drfelipethome.com.br\/site\/wp-json\/wp\/v2\/pages\/182\/revisions\/1221"}],"wp:attachment":[{"href":"https:\/\/www.drfelipethome.com.br\/site\/wp-json\/wp\/v2\/media?parent=182"}],"curies":[{"name":"wp","href":"https:\/\/api.w.org\/{rel}","templated":true}]}}