{"id":117,"date":"2018-07-17T13:41:07","date_gmt":"2018-07-17T16:41:07","guid":{"rendered":"https:\/\/www.drfelipethome.com.br\/site\/?page_id=117"},"modified":"2021-12-29T22:02:17","modified_gmt":"2021-12-30T01:02:17","slug":"sobre-a-oncologia","status":"publish","type":"page","link":"https:\/\/www.drfelipethome.com.br\/site\/sobre-a-oncologia\/","title":{"rendered":"Oncologia"},"content":{"rendered":"<h1>O que \u00e9 Oncologia?<\/h1>\n<p>A oncologia \u00e9 um ramo da ci\u00eancia m\u00e9dica que lida com tumores e com c\u00e2ncer. A palavra Oncologia tem origem em duas acep\u00e7\u00f5es, na palavra grega &#8220;onkos&#8221; (onco) que significa massa, volume, tumor e no termo &#8220;logia\u201d que significa estudo, portanto oncologia \u00e9 o estudo dos tumores.<br \/>\nA Oncologia est\u00e1 voltada para a forma como o c\u00e2ncer se desenvolve no organismo e qual \u00e9 o tratamento mais adequado para cada tipo de neoplasia. No Brasil a Oncologia \u00e9 tamb\u00e9m chamada de Cancerologia.<\/p>\n<h1>O que \u00e9 C\u00e2ncer?<\/h1>\n<p>C\u00e2ncer \u00e9 o nome gen\u00e9rico para um grupo de mais de 200 doen\u00e7as. Embora existam muitos tipos de c\u00e2ncer, todos come\u00e7am devido ao crescimento e multiplica\u00e7\u00e3o anormal\u00a0 e descontrolado das c\u00e9lulas. A enfermidade tamb\u00e9m \u00e9 conhecida como neoplasia. A ci\u00eancia m\u00e9dica que estuda o c\u00e2ncer se denomina Oncologia e \u00e9 o oncologista o profissional que trata a doen\u00e7a.\u00a0 Os c\u00e2nceres que n\u00e3o forem tratados causam doen\u00e7as graves e morte.<\/p>\n<h1 style=\"text-align: center;\">Principais Tipos de C\u00e2ncer<\/h1>\n<h1>C\u00e2ncer de pulm\u00e3o<\/h1>\n<p>O principal fator de risco para o desenvolvimento do c\u00e2ncer de pulm\u00e3o \u00e9 o tabagismo, respons\u00e1vel por, aproximadamente, seis milh\u00f5es de mortes anuais no mundo e \u00a0147 mil mortes no Brasil, segundo o Instituto Nacional do C\u00e2ncer (INCA). Geralmente, os tabagistas t\u00eam cerca de 20 a 30 vezes mais risco de desenvolver c\u00e2ncer de pulm\u00e3o quando comparados a pessoas que nunca fumaram.<br \/>\nOutros fatores de risco importantes para o desenvolvimento da doen\u00e7a s\u00e3o: a exposi\u00e7\u00e3o a carcin\u00f3genos ocupacionais e ambientais, o tabagismo passivo e a emiss\u00e3o da combust\u00e3o derivada do carv\u00e3o.<\/p>\n<h1>C\u00e2ncer de mama<\/h1>\n<p>O c\u00e2ncer de mama \u00e9 o tipo que possui a maior incid\u00eancia e a maior mortalidade na popula\u00e7\u00e3o feminina em todo o mundo.\u00a0H\u00e1 mais de 20 subtipos diferentes da doen\u00e7a, cujos fatores de risco mais conhecidos s\u00e3o: envelhecimento, fatores relacionados \u00e0 vida reprodutiva da mulher, hist\u00f3ria familiar de c\u00e2ncer de mama e presen\u00e7a de muta\u00e7\u00f5es g\u00eanicas, como, por exemplo, o BRCA. O consumo de \u00e1lcool, o excesso de peso, o sedentarismo e a exposi\u00e7\u00e3o \u00e0 radia\u00e7\u00e3o ionizante tamb\u00e9m s\u00e3o considerados agentes potenciais para o desenvolvimento de um tumor na mama, apesar de a idade ainda ser um dos mais importantes fatores de risco.<br \/>\n\u00c9 poss\u00edvel diminuir o risco de c\u00e2ncer de mama com alimenta\u00e7\u00e3o saud\u00e1vel, pr\u00e1tica de atividade f\u00edsica regular e manuten\u00e7\u00e3o do peso ideal. Juntos, esses cuidados diminuem em 30% o risco de uma mulher desenvolver c\u00e2ncer de mama.<\/p>\n<h1>C\u00e2ncer de intestino<\/h1>\n<p>O c\u00e2ncer de intestino \u00e9 o terceiro tipo de c\u00e2ncer mais comum entre os homens e o segundo entre as mulheres. \u00c9 considerado uma doen\u00e7a do \u201cestilo de vida\u201d. A incid\u00eancia \u00e9 maior em locais de maior consumo de carnes vermelhas e processadas, e, por outro lado, de pouca ingesta de frutas, legumes e verduras. Outros fatores que aumentam a chance c\u00e2ncer de intestino s\u00e3o: alta preval\u00eancia de obesidade e sobrepeso, inatividade f\u00edsica, consumo de \u00e1lcool e tabagismo.<br \/>\nA hist\u00f3ria familiar do c\u00e2ncer de intestino, a predisposi\u00e7\u00e3o gen\u00e9tica ao desenvolvimento de doen\u00e7as cr\u00f4nicas do intestino e a idade s\u00e3o outros fatores de risco para o desenvolvimento da doen\u00e7a.<br \/>\nDe acordo com o INCA, estudos apontam que o consumo de alimentos ricos em fibras, como frutas, hortali\u00e7as, cereais integrais, feij\u00f5es e sementes, assim como a pr\u00e1tica regular de atividade f\u00edsica, s\u00e3o considerados fatores protetores contra a doen\u00e7a.<\/p>\n<h1>C\u00e2ncer de est\u00f4mago<\/h1>\n<p>O c\u00e2ncer de est\u00f4mago \u00e9 mais incidente no sexo masculino do que no feminino. O maior fator de risco da doen\u00e7a \u00e9 a infec\u00e7\u00e3o, ao longo do tempo, pela bact\u00e9ria H. pylori, mas o consumo de alimentos conservados no sal e defumados, a obesidade, o \u00e1lcool (quando consumido em grande quantidade) e o tabagismo tamb\u00e9m contribuem para o aumento do risco de uma pessoa desenvolver a doen\u00e7a.<br \/>\nAssim como em outros dos principais tipos de c\u00e2ncer, a alimenta\u00e7\u00e3o auxilia na prote\u00e7\u00e3o do organismo contra a doen\u00e7a, principalmente a que cont\u00e9m frutas, legumes, cereais, fibras de forma geral, etc.<\/p>\n<h1>C\u00e2ncer de pr\u00f3stata<\/h1>\n<p>No Brasil, o c\u00e2ncer de pr\u00f3stata \u00e9 o segundo mais comum entre os homens. A maior parte dos casos no mundo ocorrem a partir dos 65 anos. Alguns tumores podem crescer de forma r\u00e1pida, espalhar-se para outros \u00f3rg\u00e3os e levar \u00e0 morte. Outros se desenvolvem lentamente e nem chegam a dar sinais durante a vida e nem a amea\u00e7ar a sa\u00fade do homem, em alguns casos.<\/p>\n<p>Apesar disso, \u00e9 importante o homem realizar os exames de sangue (PSA) e de toque anualmente a partir dos 50 anos ou dos 45 anos, no caso de ter um pai ou um irm\u00e3o com a doen\u00e7a. A exist\u00eancia de casos na fam\u00edlia aumentam em at\u00e9 10 vezes o risco de um homem ter a doen\u00e7a em compara\u00e7\u00e3o \u00e0 popula\u00e7\u00e3o em geral.<\/p>\n<h1>C\u00e2ncer de colo do \u00fatero<\/h1>\n<p>O c\u00e2ncer do colo do \u00fatero \u00e9 o terceiro tumor mais frequente na popula\u00e7\u00e3o feminina, atr\u00e1s somente do c\u00e2ncer de mama e do colorretal, e a quarta causa de morte de mulheres por c\u00e2ncer no Brasil.<br \/>\n\u00c9 causado por alguns tipos do Papilomav\u00edrus Humano (HPV). As altera\u00e7\u00f5es nas c\u00e9lulas s\u00e3o descobertas no exame preventivo (conhecido tamb\u00e9m como Papanicolau) e s\u00e3o cur\u00e1veis na maior parte dos casos. Por isso \u00e9 t\u00e3o importante as mulheres realizarem o exame periodicamente.<\/p>\n<h1 style=\"text-align: center;\">Tipos de Tratamento contra o C\u00e2ncer<\/h1>\n<h1>Cirurgia<\/h1>\n<p>A cirurgia \u00e9 realizada especialmente se a doen\u00e7a parece estar contida em uma \u00e1rea localizada, e \u00e9 realizada para retirar o tumor junto com qualquer tecido nas proximidades que possa conter c\u00e9lulas cancerosas.<br \/>\n\u00c0s vezes, \u00e9 dif\u00edcil dizer com certeza a extens\u00e3o da cirurgia at\u00e9 que o cirurgi\u00e3o veja extens\u00e3o da doen\u00e7a durante o procedimento cir\u00fargico. A cirurgia \u00e9 mais bem sucedida quando o tumor ainda n\u00e3o se disseminou para outras \u00e1reas, ou seja, quando as chances de cura s\u00e3o maiores para muitos tipos de c\u00e2ncer. Tamb\u00e9m pode ser usada para tratar problemas provocados pelo c\u00e2ncer, como retirada de um tumor que est\u00e1 bloqueando o intestino.<br \/>\nOutros tratamentos, como radioterapia e quimioterapia, podem ser realizados junto com a cirurgia, e podem ser administrados antes ou depois da cirurgia.<\/p>\n<h1>Radioterapia<\/h1>\n<p>A radioterapia, assim como a cirurgia, \u00e9 realizada principalmente para tratar tumores localizados. O tratamento radioter\u00e1pico destr\u00f3i as c\u00e9lulas cancerosas ou as danifica para que n\u00e3o possam se desenvolver, e pode ser administrada isoladamente ou junto com a cirurgia ou quimioterapia. Mais da metade dos pacientes com c\u00e2ncer recebem radioterapia em algum momento do tratamento.<\/p>\n<p><strong>Como \u00e9 administrada?<\/strong><br \/>\nPode ser administrada de 2 maneiras: raios de alta energia (radia\u00e7\u00e3o externa) ou implantes colocados no corpo perto do tumor.<\/p>\n<p><strong>Radioterapia Externa<\/strong><br \/>\n\u00c9 indolor e similar a uma radiografia. Geralmente \u00e9 realizada de forma ambulatorial, e com pouca dura\u00e7\u00e3o de tempo. O tratamento geralmente \u00e9 administrado 5 dias por semana durante 5 a 8 semanas, dependendo do tipo de tumor, tamanho e localiza\u00e7\u00e3o.<\/p>\n<p><strong>Radioterapia Interna<\/strong><br \/>\nExistem dois tipos de radioterapia interna:<\/p>\n<p><strong>Braquiterapia<\/strong><br \/>\nQuando uma fonte radioativa s\u00f3lida \u00e9 inserida ou implantada dentro ou pr\u00f3xima ao tumor.<\/p>\n<p><strong>Tratamento com Radiois\u00f3topos<\/strong><br \/>\nQuando uma fonte radioativa l\u00edquida, semente radioativa ou fios radioativos s\u00e3o inseridos pr\u00f3ximo ao tumor. \u00c9 tamb\u00e9m denominado terapia com radionucl\u00eddeos.<\/p>\n<p><strong>Efeitos Colaterais<\/strong><br \/>\nOs efeitos colaterais podem variar de paciente para paciente, mas os efeitos mais comuns incluem: cansa\u00e7o, altera\u00e7\u00f5es da pele na \u00e1rea irradiada e perda de apetite. Outros efeitos colaterais geralmente est\u00e3o relacionados com o tratamento de \u00e1reas espec\u00edficas, como a perda de cabelo ap\u00f3s irradiar a cabe\u00e7a. A maioria dos efeitos colaterais desaparece com o tempo, mas alguns podem durar ou permanecer alguns anos ap\u00f3s o tratamento. Antes de iniciar o tratamento, voc\u00ea deve discutir os poss\u00edveis efeitos colaterais com seu radioterapeuta.<\/p>\n<h1>Quimioterapia<\/h1>\n<p>Quimioterapia, ou simplesmente qu\u00edmio, \u00e9 o tratamento com medicamentos anticancer\u00edgenos administrados al\u00e9m de endovenosa e oral, pode ser intramuscular, intratecal, subcut\u00e2nea. Na maioria dos casos, \u00e9 utilizado mais de um medicamento quimioter\u00e1pico. Ao contr\u00e1rio da radioterapia ou cirurgia, os medicamentos quimioter\u00e1picos podem tratar c\u00e2nceres que se disseminaram por todo o corpo, j\u00e1 que \u00e9 uma terapia sist\u00eamica, ou seja, que chega a todas as partes do organismo. As doses administradas variam conforme o tipo de c\u00e2ncer e seu estadiamento.<\/p>\n<p>A quimioterapia pode ser usada para:<\/p>\n<ul>\n<li>Curar o c\u00e2ncer.<\/li>\n<li>Impedir a dissemina\u00e7\u00e3o da doen\u00e7a.<\/li>\n<li>Destruir as c\u00e9lulas cancerosas que j\u00e1 podem ter se disseminado.<\/li>\n<li>Retardar o crescimento do c\u00e2ncer.<\/li>\n<li>Aliviar os sintomas provocados pela doen\u00e7a.<\/li>\n<li>Reduzir o tamanho do tumor antes da cirurgia.<\/li>\n<li>Diminuir o risco de recidiva ap\u00f3s a cirurgia.<\/li>\n<\/ul>\n<p>Converse com seu m\u00e9dico para entender o prop\u00f3sito da quimioterapia em seu caso.<\/p>\n<p><strong>Como a quimioterapia \u00e9 administrada?<\/strong><br \/>\nA qu\u00edmio \u00e9 administrada em ciclos, cada um seguido por um per\u00edodo de descanso. O per\u00edodo de repouso d\u00e1 tempo \u00e0s c\u00e9lulas normais do corpo se recuperarem. Existem diversos esquemas de quimioterapia para a administra\u00e7\u00e3o de diferentes quimioter\u00e1picos. Alguns medicamentos atuam melhor quando administrados por v\u00e1rios dias seguidos ou dia sim dia n\u00e3o, seguidos de um per\u00edodo de recupera\u00e7\u00e3o.<br \/>\nO n\u00famero de ciclos pode ser planejado antes do in\u00edcio do tratamento, com base no tipo e estadiamento da doen\u00e7a. \u00c0s vezes, o esquema pode ser mais flex\u00edvel, o que permite ao m\u00e9dico aumentar os intervalos entre os ciclos, baseado nas rea\u00e7\u00f5es do paciente aos medicamentos e do seu estado de sa\u00fade geral.<\/p>\n<p><strong>Efeitos Colaterais<\/strong><br \/>\nOs efeitos colaterais da quimioterapia dependem do tipo de medicamentos utilizados, doses administradas e dura\u00e7\u00e3o do tratamento. Os efeitos mais comuns s\u00e3o n\u00e1useas e v\u00f4mitos, perda de cabelo, cansa\u00e7o e uma maior chance de infec\u00e7\u00f5es. No entanto, os medicamentos quimioter\u00e1picos podem apresentar outros efeitos colaterais. Pergunte ao seu m\u00e9dico o que voc\u00ea deve esperar baseado no tipo de medicamento que ser\u00e1 administrado.<br \/>\nA maioria dos efeitos colaterais podem ser controlados com outros medicamentos, cuidados de suporte ou alterando o esquema de tratamento. Se voc\u00ea apresentar efeitos colaterais, pergunte ao seu m\u00e9dico a melhor forma de gerenci\u00e1-los. \u00c9 muito importante relatar ao seu m\u00e9dico qualquer efeito colateral que voc\u00ea apresente, porque alguns, como febre e infec\u00e7\u00e3o, podem precisar ser tratados imediatamente.<\/p>\n<p><strong>Outros Medicamentos utilizados no Tratamento do C\u00e2ncer:<\/strong><br \/>\nOs tratamentos mais recentes utilizam medicamentos diferentes dos quimioter\u00e1picos padr\u00e3o. Exemplos destes f\u00e1rmacos s\u00e3o a terapia biol\u00f3gica e a terapia alvo.<\/p>\n<h1>Terapia Biol\u00f3gica<\/h1>\n<p>A terapia biol\u00f3gica ou imunoterapia utiliza o sistema imunol\u00f3gico do corpo para combater o c\u00e2ncer ou diminuir os efeitos colaterais de algumas terapias contra o c\u00e2ncer. Terapias biol\u00f3gicas diferentes agem de maneiras diferentes. Podem deter ou diminuir o crescimento das c\u00e9lulas cancerosas, ajudar as c\u00e9lulas do sistema imunol\u00f3gico saud\u00e1veis a controlar o c\u00e2ncer, ou ajudar a reparar as c\u00e9lulas normais danificadas por outras formas de tratamento contra o c\u00e2ncer.<\/p>\n<h1>Terapia Alvo<\/h1>\n<p>Utiliza medicamentos que visam as altera\u00e7\u00f5es de um gene espec\u00edfico que ajudam as c\u00e9lulas cancerosas a crescer e se desenvolver. Ela ataca o funcionamento interno das c\u00e9lulas cancerosas. Os medicamentos alvo t\u00eam diferentes efeitos colaterais dos medicamentos quimioter\u00e1picos convencionais. Muitas vezes s\u00e3o administrados junto com a quimioterapia e\/ou outros tratamentos contra o c\u00e2ncer.<\/p>\n<div style=\"display: none;\">\n<p>felipe passo fundo m\u00e9dico passo fundo, doutor em passo fundo, dr felipe, Passo Fundo RS, dr felipe e oncologia passo fundo<\/p>\n<h1>dr felipe em Passo Fundo,\u00a0doutor passo fundo, m\u00e9dico passo fundo,<\/h1>\n<h2>dr felipe em passo fundo, felipe passo fundo e regi\u00e3o, m\u00e9dico passo fundo em passo fundo, dr felipe venda equipamentos oncologia passo fundo, felipe em passo fundo rs, dr felipe, para passo fundo e regi\u00e3o, dr felipe para passo fundo e regi\u00e3o\u00a0oncologia oncologia passo fundo de dr felipe em passo fundo, felipe passo fundo e regi\u00e3o, m\u00e9dico passo fundo em passo fundo, dr felipe venda equipamentos oncologia passo fundo, felipe em passo fundo rs, dr felipe,<a title=\"oncologia oncologia passo fundo de dr felipe em passo fundo, felipe passo fundo e regi\u00e3o, m\u00e9dico passo fundo em passo fundo, dr felipe venda equipamentos oncologia passo fundo, felipe em passo fundo rs, dr felipe, para passo fundo e regi\u00e3o, dr felipe para passo fundo e regi\u00e3o\" href=\"https:\/\/www.drfelipethome.com.br\">para passo fundo e regi\u00e3o, dr felipe para passo fundo e regi\u00e3o\u00a0oncologia oncologia passo fundo de dr felipe em passo fundo, felipe passo fundo e regi\u00e3o, m\u00e9dico passo fundo em passo fundo, dr felipe venda equipamentos oncologia passo fundo, felipe em passo fundo rs, dr felipe<\/a>, para passo fundo e regi\u00e3o, dr felipe para passo fundo e regi\u00e3o\u00a0oncologia oncologia passo fundo de dr felipe em passo fundo, felipe passo fundo e regi\u00e3o, m\u00e9dico passo fundo em passo fundo, dr felipe venda equipamentos oncologia passo fundo, felipe em passo fundo rs, dr felipe, para passo fundo e regi\u00e3o, dr felipe para passo fundo e regi\u00e3o\u00a0oncologia oncologia passo fundo de dr felipe em passo fundo, felipe passo fundo e regi\u00e3o, m\u00e9dico passo fundo em passo fundo, dr felipe venda equipamentos oncologia passo fundo, felipe em passo fundo rs, dr felipe, para passo fundo e regi\u00e3o,<a title=\"oncologia oncologia passo fundo de dr felipe em passo fundo, felipe passo fundo e regi\u00e3o, m\u00e9dico passo fundo em passo fundo, dr felipe venda equipamentos oncologia passo fundo, felipe em passo fundo rs, dr felipe, para passo fundo e regi\u00e3o, dr felipe para passo fundo e regi\u00e3o\" href=\"https:\/\/www.drfelipethome.com.br\/site\">dr felipe para passo fundo e regi\u00e3o\u00a0oncologia oncologia passo fundo de dr felipe em passo fundo, felipe passo fundo e regi\u00e3o, cria\u00e7\u00e3o de sit<\/a>es em passo fundo, dr felipe venda equipamentos oncologia passo fundo, felipe em passo fundo rs, dr felipe, para passo fundo e regi\u00e3o, dr felipe para passo fundo e regi\u00e3o<\/h2>\n<div id=\"attachment_747\" style=\"width: 353px\" class=\"wp-caption aligncenter\"><a href=\"https:\/\/www.drfelipethome.com.br\/site\/wp-content\/uploads\/2013\/06\/tratamento-cancer-passo-fundo.jpg\"><img decoding=\"async\" aria-describedby=\"caption-attachment-747\" class=\"size-full wp-image-747 \" title=\"oncologia oncologia passo fundo de dr felipe em Passo Fundo\" src=\"https:\/\/www.drfelipethome.com.br\/site\/wp-content\/uploads\/2013\/06\/per\u00edcia-m\u00e9dica-passo-fundo-rs.jpg\" alt=\"oncologia oncologia passo fundo de dr felipe em Passo Fundo\" width=\"343\" height=\"300\" loading=\"lazy\" \/><\/a><p id=\"caption-attachment-747\" class=\"wp-caption-text\">oncologia oncologia passo fundo de dr felipe em Passo Fundo<\/p><\/div>\n<\/div>\n","protected":false},"excerpt":{"rendered":"<p>O que \u00e9 Oncologia? A oncologia \u00e9 um ramo da ci\u00eancia m\u00e9dica que lida com tumores e com c\u00e2ncer. A palavra Oncologia tem origem em duas acep\u00e7\u00f5es, na palavra grega &#8220;onkos&#8221; (onco) que significa massa, volume, tumor e no termo &#8220;logia\u201d que significa estudo, portanto oncologia \u00e9 o estudo dos tumores. A Oncologia est\u00e1 voltada [&hellip;]<\/p>\n","protected":false},"author":1,"featured_media":0,"parent":0,"menu_order":0,"comment_status":"closed","ping_status":"closed","template":"","meta":{"footnotes":""},"class_list":["post-117","page","type-page","status-publish","hentry"],"_links":{"self":[{"href":"https:\/\/www.drfelipethome.com.br\/site\/wp-json\/wp\/v2\/pages\/117"}],"collection":[{"href":"https:\/\/www.drfelipethome.com.br\/site\/wp-json\/wp\/v2\/pages"}],"about":[{"href":"https:\/\/www.drfelipethome.com.br\/site\/wp-json\/wp\/v2\/types\/page"}],"author":[{"embeddable":true,"href":"https:\/\/www.drfelipethome.com.br\/site\/wp-json\/wp\/v2\/users\/1"}],"replies":[{"embeddable":true,"href":"https:\/\/www.drfelipethome.com.br\/site\/wp-json\/wp\/v2\/comments?post=117"}],"version-history":[{"count":16,"href":"https:\/\/www.drfelipethome.com.br\/site\/wp-json\/wp\/v2\/pages\/117\/revisions"}],"predecessor-version":[{"id":1081,"href":"https:\/\/www.drfelipethome.com.br\/site\/wp-json\/wp\/v2\/pages\/117\/revisions\/1081"}],"wp:attachment":[{"href":"https:\/\/www.drfelipethome.com.br\/site\/wp-json\/wp\/v2\/media?parent=117"}],"curies":[{"name":"wp","href":"https:\/\/api.w.org\/{rel}","templated":true}]}}